{"id":1376509,"date":"2024-03-13T22:12:25","date_gmt":"2024-03-13T21:12:25","guid":{"rendered":"https:\/\/dev.dnaera.com\/pl\/?post_type=product&#038;p=1376509"},"modified":"2024-03-18T14:56:55","modified_gmt":"2024-03-18T13:56:55","slug":"heart-and-blood-vessels","status":"publish","type":"product","link":"https:\/\/dev.dnaera.com\/pl\/produkt\/heart-and-blood-vessels\/","title":{"rendered":"Serce i naczynia krwiono\u015bne"},"content":{"rendered":"<div>\n<div>Choroby uk\u0142adu kr\u0105\u017cenia atakuj\u0105 serce oraz naczynia krwiono\u015bne i mog\u0105 prowadzi\u0107 do powa\u017cnych powik\u0142a\u0144 zdrowotnych. Do najcz\u0119stszych i najpowa\u017cniejszych nale\u017cy niedostateczny dop\u0142yw krwi do serca lub m\u00f3zgu z powodu zw\u0119\u017conych lub zablokowanych naczy\u0144 krwiono\u015bnych. Wysoki poziom cholesterolu LDL i ci\u015bnienia krwi, cukrzyca, palenie tytoniu czy siedz\u0105cy tryb \u017cycia to czynniki, kt\u00f3re opr\u00f3cz uwarunkowa\u0144 genetycznych, zwi\u0119kszaj\u0105 ryzyko wyst\u0105pienia tych chor\u00f3b.<\/div>\n<div><\/div>\n<div>Wyniki w tej kategorii dotycz\u0105 podatno\u015bci genetycznej do rozwoju chor\u00f3b serca i naczy\u0144 krwiono\u015bnych. Nie s\u0105 jednak jednoznaczne z ich wyst\u0105pieniem. Pomimo ni\u017cszego ryzyka genetycznego, choroby z tej grupy mog\u0105 wyst\u0105pi\u0107 pod wp\u0142ywem czynnik\u00f3w niezwi\u0105zanych z naszym DNA. Aby zmniejszy\u0107 prawdopodobie\u0144stwo wyst\u0105pienia problem\u00f3w z uk\u0142adem kr\u0105\u017cenia, a tak\u017ce aby w por\u0119 je zidentyfikowa\u0107, zalecamy rozwa\u017cenie dzia\u0142a\u0144 profilaktycznych wymienionych w zaleceniach otrzymanych razem z wynikami.<\/div>\n<\/div>\n","protected":false},"excerpt":{"rendered":"<p>Choroby uk\u0142adu kr\u0105\u017cenia s\u0105 niebezpieczne dla serca i naczy\u0144 krwiono\u015bnych. Mog\u0105 powodowa\u0107 powa\u017cne problemy, takie jak niewystarczaj\u0105cy dop\u0142yw krwi do serca lub m\u00f3zgu. Analiza DNA mo\u017ce pom\u00f3c w odkryciu predyspozycji genetycznych do rozwoju tych chor\u00f3b.<\/p>\n","protected":false},"featured_media":1376508,"template":"","meta":{"_acf_changed":false,"content-type":"","inline_featured_image":false},"product_brand":[],"product_cat":[99],"product_tag":[],"class_list":{"0":"post-1376509","1":"product","2":"type-product","3":"status-publish","4":"has-post-thumbnail","6":"product_cat-digital-content","8":"first","9":"instock","10":"virtual","11":"taxable","12":"purchasable","13":"product-type-simple"},"acf":[],"_links":{"self":[{"href":"https:\/\/dev.dnaera.com\/pl\/wp-json\/wp\/v2\/product\/1376509","targetHints":{"allow":["GET"]}}],"collection":[{"href":"https:\/\/dev.dnaera.com\/pl\/wp-json\/wp\/v2\/product"}],"about":[{"href":"https:\/\/dev.dnaera.com\/pl\/wp-json\/wp\/v2\/types\/product"}],"version-history":[{"count":2,"href":"https:\/\/dev.dnaera.com\/pl\/wp-json\/wp\/v2\/product\/1376509\/revisions"}],"predecessor-version":[{"id":1376549,"href":"https:\/\/dev.dnaera.com\/pl\/wp-json\/wp\/v2\/product\/1376509\/revisions\/1376549"}],"wp:featuredmedia":[{"embeddable":true,"href":"https:\/\/dev.dnaera.com\/pl\/wp-json\/wp\/v2\/media\/1376508"}],"wp:attachment":[{"href":"https:\/\/dev.dnaera.com\/pl\/wp-json\/wp\/v2\/media?parent=1376509"}],"wp:term":[{"taxonomy":"product_brand","embeddable":true,"href":"https:\/\/dev.dnaera.com\/pl\/wp-json\/wp\/v2\/product_brand?post=1376509"},{"taxonomy":"product_cat","embeddable":true,"href":"https:\/\/dev.dnaera.com\/pl\/wp-json\/wp\/v2\/product_cat?post=1376509"},{"taxonomy":"product_tag","embeddable":true,"href":"https:\/\/dev.dnaera.com\/pl\/wp-json\/wp\/v2\/product_tag?post=1376509"}],"curies":[{"name":"wp","href":"https:\/\/api.w.org\/{rel}","templated":true}]}}