{"id":1376505,"date":"2024-03-13T22:12:20","date_gmt":"2024-03-13T21:12:20","guid":{"rendered":"https:\/\/dev.dnaera.com\/pl\/produkt\/health-other\/"},"modified":"2024-03-18T14:50:37","modified_gmt":"2024-03-18T13:50:37","slug":"health-other","status":"publish","type":"product","link":"https:\/\/dev.dnaera.com\/pl\/produkt\/health-other\/","title":{"rendered":"Inne predyspozycje zdrowotne"},"content":{"rendered":"<div>\n<div>Na nasze samopoczucie i codzienne \u017cycie mog\u0105 wp\u0142ywa\u0107 r\u00f3\u017cne problemy zdrowotne zwi\u0105zane z tymczasowymi lub przewlek\u0142ymi dolegliwo\u015bciami, kt\u00f3re w najpowa\u017cniejszych przypadkach mog\u0105 powodowa\u0107 nawet stan zagra\u017caj\u0105cy \u017cyciu. Opr\u00f3cz predyspozycji genetycznych na rozw\u00f3j chor\u00f3b wp\u0142ywaj\u0105 inne czynniki, takie jak nasza dieta, aktywno\u015b\u0107 fizyczna, nadmierne spo\u017cycie alkoholu czy palenie tytoniu. Wyniki w tej kategorii m\u00f3wi\u0105 wy\u0142\u0105cznie o podatno\u015bci genetycznej do rozwoju konkretnych chor\u00f3b i nie s\u0105 jednoznaczne z ich wyst\u0105pieniem.<\/div>\n<div><\/div>\n<div>Poniewa\u017c wp\u0142ywaj\u0105 na nie tak\u017ce inne czynniki, niskie ryzyko genetyczne nie wyklucza ich wyst\u0119pienia w przysz\u0142o\u015bci. W celu minimalizacji ryzyka wyst\u0119pienia chor\u00f3b z tej kategorii, sugerujemy wdro\u017cenie dzia\u0142a\u0144 profilaktycznych wymienionych w zaleceniach otrzymanych razem z wynikami.<\/div>\n<\/div>\n","protected":false},"excerpt":{"rendered":"<p>Problemy zdrowotne wp\u0142ywaj\u0105 na nasze samopoczucie. Niekt\u00f3re s\u0105 tymczasowe, inne chroniczne i powa\u017cne. Analiza DNA mo\u017ce pom\u00f3c w wykryciu genetycznych predyspozycji do r\u00f3\u017cnych chor\u00f3b, a co za tym idzie, umo\u017cliwi\u0107 w por\u0119 podj\u0119cie dzia\u0142a\u0144 zapobiegawczych.<\/p>\n","protected":false},"featured_media":1376504,"template":"","meta":{"_acf_changed":false,"content-type":"","inline_featured_image":false},"product_brand":[],"product_cat":[99],"product_tag":[],"class_list":{"0":"post-1376505","1":"product","2":"type-product","3":"status-publish","4":"has-post-thumbnail","6":"product_cat-digital-content","8":"first","9":"instock","10":"virtual","11":"taxable","12":"purchasable","13":"product-type-simple"},"acf":[],"_links":{"self":[{"href":"https:\/\/dev.dnaera.com\/pl\/wp-json\/wp\/v2\/product\/1376505","targetHints":{"allow":["GET"]}}],"collection":[{"href":"https:\/\/dev.dnaera.com\/pl\/wp-json\/wp\/v2\/product"}],"about":[{"href":"https:\/\/dev.dnaera.com\/pl\/wp-json\/wp\/v2\/types\/product"}],"version-history":[{"count":1,"href":"https:\/\/dev.dnaera.com\/pl\/wp-json\/wp\/v2\/product\/1376505\/revisions"}],"predecessor-version":[{"id":1376547,"href":"https:\/\/dev.dnaera.com\/pl\/wp-json\/wp\/v2\/product\/1376505\/revisions\/1376547"}],"wp:featuredmedia":[{"embeddable":true,"href":"https:\/\/dev.dnaera.com\/pl\/wp-json\/wp\/v2\/media\/1376504"}],"wp:attachment":[{"href":"https:\/\/dev.dnaera.com\/pl\/wp-json\/wp\/v2\/media?parent=1376505"}],"wp:term":[{"taxonomy":"product_brand","embeddable":true,"href":"https:\/\/dev.dnaera.com\/pl\/wp-json\/wp\/v2\/product_brand?post=1376505"},{"taxonomy":"product_cat","embeddable":true,"href":"https:\/\/dev.dnaera.com\/pl\/wp-json\/wp\/v2\/product_cat?post=1376505"},{"taxonomy":"product_tag","embeddable":true,"href":"https:\/\/dev.dnaera.com\/pl\/wp-json\/wp\/v2\/product_tag?post=1376505"}],"curies":[{"name":"wp","href":"https:\/\/api.w.org\/{rel}","templated":true}]}}