{"id":1376357,"date":"2024-02-20T09:44:57","date_gmt":"2024-02-20T08:44:57","guid":{"rendered":"https:\/\/dev.dnaera.com\/pl\/produkt\/beauty\/"},"modified":"2024-03-18T14:37:04","modified_gmt":"2024-03-18T13:37:04","slug":"beauty","status":"publish","type":"product","link":"https:\/\/dev.dnaera.com\/pl\/produkt\/beauty\/","title":{"rendered":"Zdrowie i wygl\u0105d"},"content":{"rendered":"<div>\n<div>Dowiedz si\u0119 o istotnych powi\u0105zaniach Twoich gen\u00f3w z wygl\u0105dem zewn\u0119trznym i sprawd\u017a, jakie unikalne cechy warunkuj\u0105. Ta kategoria zawiera wyniki, kt\u00f3re mog\u0105 mie\u0107 wp\u0142yw na ryzyko rozwoju chor\u00f3b, kt\u00f3re cz\u0119sto s\u0105 zwi\u0105zane z naszym wygl\u0105dem.<\/div>\n<div><\/div>\n<div>Twoje DNA zawiera wa\u017cne informacje dotycz\u0105ce wielu aspekt\u00f3w zdrowotnych, od stanu naczy\u0144 krwiono\u015bnych, w\u0142os\u00f3w czy z\u0119b\u00f3w, po sk\u0142onno\u015bci do zmian sk\u00f3rnych. Poznaj swoje predyspozycje genetyczne do \u017cylak\u00f3w, tr\u0105dziku, atopowego zapalenia sk\u00f3ry, cellulitu czy zmarszczek. Dzi\u0119ki tej cennej wiedzy mo\u017cesz podj\u0105\u0107 odpowiednie kroki w stron\u0119 \u015bwiadomej piel\u0119gnacji i profilaktyki zdrowotnej.<\/div>\n<\/div>\n","protected":false},"excerpt":{"rendered":"<p>Wygl\u0105d zewn\u0119trzny, \u0142ysienie, zmiany sk\u00f3rne jak na przyk\u0142ad atopowe zapalenie sk\u00f3ry. Genetyka ma znacz\u0105cy wp\u0142yw na to, jak wygl\u0105damy.<\/p>\n","protected":false},"featured_media":1376356,"template":"","meta":{"_acf_changed":false,"content-type":"","inline_featured_image":false},"product_brand":[],"product_cat":[99],"product_tag":[],"class_list":{"0":"post-1376357","1":"product","2":"type-product","3":"status-publish","4":"has-post-thumbnail","6":"product_cat-digital-content","8":"first","9":"instock","10":"virtual","11":"taxable","12":"purchasable","13":"product-type-simple"},"acf":[],"_links":{"self":[{"href":"https:\/\/dev.dnaera.com\/pl\/wp-json\/wp\/v2\/product\/1376357","targetHints":{"allow":["GET"]}}],"collection":[{"href":"https:\/\/dev.dnaera.com\/pl\/wp-json\/wp\/v2\/product"}],"about":[{"href":"https:\/\/dev.dnaera.com\/pl\/wp-json\/wp\/v2\/types\/product"}],"version-history":[{"count":1,"href":"https:\/\/dev.dnaera.com\/pl\/wp-json\/wp\/v2\/product\/1376357\/revisions"}],"predecessor-version":[{"id":1376543,"href":"https:\/\/dev.dnaera.com\/pl\/wp-json\/wp\/v2\/product\/1376357\/revisions\/1376543"}],"wp:featuredmedia":[{"embeddable":true,"href":"https:\/\/dev.dnaera.com\/pl\/wp-json\/wp\/v2\/media\/1376356"}],"wp:attachment":[{"href":"https:\/\/dev.dnaera.com\/pl\/wp-json\/wp\/v2\/media?parent=1376357"}],"wp:term":[{"taxonomy":"product_brand","embeddable":true,"href":"https:\/\/dev.dnaera.com\/pl\/wp-json\/wp\/v2\/product_brand?post=1376357"},{"taxonomy":"product_cat","embeddable":true,"href":"https:\/\/dev.dnaera.com\/pl\/wp-json\/wp\/v2\/product_cat?post=1376357"},{"taxonomy":"product_tag","embeddable":true,"href":"https:\/\/dev.dnaera.com\/pl\/wp-json\/wp\/v2\/product_tag?post=1376357"}],"curies":[{"name":"wp","href":"https:\/\/api.w.org\/{rel}","templated":true}]}}