{"id":1376347,"date":"2024-02-20T09:44:45","date_gmt":"2024-02-20T08:44:45","guid":{"rendered":"https:\/\/dev.dnaera.com\/pl\/produkt\/intolerances\/"},"modified":"2024-03-18T14:05:46","modified_gmt":"2024-03-18T13:05:46","slug":"intolerances","status":"publish","type":"product","link":"https:\/\/dev.dnaera.com\/pl\/produkt\/intolerances\/","title":{"rendered":"Nietolerancje"},"content":{"rendered":"<div>\n<div>Przez nietolerancje rozumiemy problemy z trawieniem niekt\u00f3rych pokarm\u00f3w, a tak\u017ce dolegliwo\u015bci po ich spo\u017cyciu, takie jak silny b\u00f3l brzucha czy wzd\u0119cia. W tej kategorii znajdziesz wyniki, kt\u00f3re mog\u0105 mie\u0107 wp\u0142yw na tolerancj\u0119 okre\u015blonych sk\u0142adnik\u00f3w pokarmowych przez Tw\u00f3j organizm.<\/div>\n<div><\/div>\n<div>S\u0105 to jednak predyspozycje genetyczne, kt\u00f3re mog\u0105 zwi\u0119kszy\u0107 podatno\u015b\u0107 organizmu na nietolerancj\u0119 danego sk\u0142adnika pokarmowego, a nie diagnoza nietolernacji. Nie zaleca si\u0119 eliminowania jakichkolwiek sk\u0142adnik\u00f3w od\u017cywczych, zanim nie potwierdzi si\u0119 nietolerancji z lekarzem.<\/div>\n<\/div>\n","protected":false},"excerpt":{"rendered":"<p>Predyspozycje genetyczne, kt\u00f3re wp\u0142ywaj\u0105 na tolerancj\u0119 okre\u015blonych sk\u0142adnik\u00f3w pokarmowych.<\/p>\n","protected":false},"featured_media":1376346,"template":"","meta":{"_acf_changed":false,"content-type":"","inline_featured_image":false},"product_brand":[],"product_cat":[99],"product_tag":[],"class_list":{"0":"post-1376347","1":"product","2":"type-product","3":"status-publish","4":"has-post-thumbnail","6":"product_cat-digital-content","8":"first","9":"instock","10":"virtual","11":"taxable","12":"purchasable","13":"product-type-simple"},"acf":[],"_links":{"self":[{"href":"https:\/\/dev.dnaera.com\/pl\/wp-json\/wp\/v2\/product\/1376347","targetHints":{"allow":["GET"]}}],"collection":[{"href":"https:\/\/dev.dnaera.com\/pl\/wp-json\/wp\/v2\/product"}],"about":[{"href":"https:\/\/dev.dnaera.com\/pl\/wp-json\/wp\/v2\/types\/product"}],"version-history":[{"count":1,"href":"https:\/\/dev.dnaera.com\/pl\/wp-json\/wp\/v2\/product\/1376347\/revisions"}],"predecessor-version":[{"id":1376538,"href":"https:\/\/dev.dnaera.com\/pl\/wp-json\/wp\/v2\/product\/1376347\/revisions\/1376538"}],"wp:featuredmedia":[{"embeddable":true,"href":"https:\/\/dev.dnaera.com\/pl\/wp-json\/wp\/v2\/media\/1376346"}],"wp:attachment":[{"href":"https:\/\/dev.dnaera.com\/pl\/wp-json\/wp\/v2\/media?parent=1376347"}],"wp:term":[{"taxonomy":"product_brand","embeddable":true,"href":"https:\/\/dev.dnaera.com\/pl\/wp-json\/wp\/v2\/product_brand?post=1376347"},{"taxonomy":"product_cat","embeddable":true,"href":"https:\/\/dev.dnaera.com\/pl\/wp-json\/wp\/v2\/product_cat?post=1376347"},{"taxonomy":"product_tag","embeddable":true,"href":"https:\/\/dev.dnaera.com\/pl\/wp-json\/wp\/v2\/product_tag?post=1376347"}],"curies":[{"name":"wp","href":"https:\/\/api.w.org\/{rel}","templated":true}]}}