{"id":1376345,"date":"2024-02-20T09:44:42","date_gmt":"2024-02-20T08:44:42","guid":{"rendered":"https:\/\/dev.dnaera.com\/pl\/produkt\/medications\/"},"modified":"2024-03-18T14:03:46","modified_gmt":"2024-03-18T13:03:46","slug":"medications","status":"publish","type":"product","link":"https:\/\/dev.dnaera.com\/pl\/produkt\/medications\/","title":{"rendered":"Leki"},"content":{"rendered":"<div>\n<div>Istnieje du\u017ca liczba enzym\u00f3w bior\u0105cych udzia\u0142 w metabolizmie r\u00f3\u017cnych lek\u00f3w. Genetyka mo\u017ce wp\u0142ywa\u0107 na ich funkcj\u0119. W tej sekcji znajdziesz informacje, kt\u00f3re mog\u0105 mie\u0107 wp\u0142yw na reakcj\u0119 organizmu na leki, w tym dawkowanie i mo\u017cliwe skutki uboczne.<\/div>\n<div><\/div>\n<div>Zach\u0119camy do om\u00f3wienia tych wynik\u00f3w z lekarzem, kt\u00f3ry mo\u017ce pom\u00f3c w ustaleniu najlepszego planu leczenia. Wa\u017cne jest, aby nigdy nie modyfikowa\u0107 leczenia bez konsultacji ze specjalist\u0105.<\/div>\n<\/div>\n","protected":false},"excerpt":{"rendered":"<p>Wp\u0142yw genetyki na metabolizm lek\u00f3w, ich dawkowanie czy potencjalne dzia\u0142ania niepo\u017c\u0105dane.<\/p>\n","protected":false},"featured_media":1376344,"template":"","meta":{"_acf_changed":false,"content-type":"","inline_featured_image":false},"product_brand":[],"product_cat":[99],"product_tag":[],"class_list":{"0":"post-1376345","1":"product","2":"type-product","3":"status-publish","4":"has-post-thumbnail","6":"product_cat-digital-content","8":"first","9":"instock","10":"virtual","11":"taxable","12":"purchasable","13":"product-type-simple"},"acf":[],"_links":{"self":[{"href":"https:\/\/dev.dnaera.com\/pl\/wp-json\/wp\/v2\/product\/1376345","targetHints":{"allow":["GET"]}}],"collection":[{"href":"https:\/\/dev.dnaera.com\/pl\/wp-json\/wp\/v2\/product"}],"about":[{"href":"https:\/\/dev.dnaera.com\/pl\/wp-json\/wp\/v2\/types\/product"}],"version-history":[{"count":1,"href":"https:\/\/dev.dnaera.com\/pl\/wp-json\/wp\/v2\/product\/1376345\/revisions"}],"predecessor-version":[{"id":1376537,"href":"https:\/\/dev.dnaera.com\/pl\/wp-json\/wp\/v2\/product\/1376345\/revisions\/1376537"}],"wp:featuredmedia":[{"embeddable":true,"href":"https:\/\/dev.dnaera.com\/pl\/wp-json\/wp\/v2\/media\/1376344"}],"wp:attachment":[{"href":"https:\/\/dev.dnaera.com\/pl\/wp-json\/wp\/v2\/media?parent=1376345"}],"wp:term":[{"taxonomy":"product_brand","embeddable":true,"href":"https:\/\/dev.dnaera.com\/pl\/wp-json\/wp\/v2\/product_brand?post=1376345"},{"taxonomy":"product_cat","embeddable":true,"href":"https:\/\/dev.dnaera.com\/pl\/wp-json\/wp\/v2\/product_cat?post=1376345"},{"taxonomy":"product_tag","embeddable":true,"href":"https:\/\/dev.dnaera.com\/pl\/wp-json\/wp\/v2\/product_tag?post=1376345"}],"curies":[{"name":"wp","href":"https:\/\/api.w.org\/{rel}","templated":true}]}}