{"id":1376343,"date":"2024-02-20T09:44:40","date_gmt":"2024-02-20T08:44:40","guid":{"rendered":"https:\/\/dev.dnaera.com\/pl\/produkt\/vitamins-and-minerals\/"},"modified":"2024-03-18T13:59:21","modified_gmt":"2024-03-18T12:59:21","slug":"vitamins-and-minerals","status":"publish","type":"product","link":"https:\/\/dev.dnaera.com\/pl\/produkt\/vitamins-and-minerals\/","title":{"rendered":"Witaminy i minera\u0142y"},"content":{"rendered":"<div>\n<div>Witaminy i minera\u0142y s\u0105 kluczowe dla prawid\u0142owego funkcjonowania metabolizmu w organizmie cz\u0142owieka. W tej sekcji znajdziesz informacje o tym, jak Twoje geny mog\u0105 wp\u0142ywa\u0107 na poziom sk\u0142adnik\u00f3w od\u017cywczych w organizmie oraz kt\u00f3re z nich warto szczeg\u00f3lnie kontrolowa\u0107.<\/div>\n<div><\/div>\n<div>Je\u015bli chcesz sprawdzi\u0107 aktualny poziom witamin czy minera\u0142\u00f3w w organizmie, zalecamy wykonanie badania krwi. Stosowanie zr\u00f3\u017cnicowanej i zbilansowanej diety ma kluczowe znaczenie dla poziomu witamin i minera\u0142\u00f3w, niezale\u017cnie od wynik\u00f3w bada\u0144 genetycznych.<\/div>\n<\/div>\n","protected":false},"excerpt":{"rendered":"<p>Nasz organizm potrzebuje odpowiedniej dawki witamin i minera\u0142\u00f3w. Dowiedz si\u0119, jakie masz predyspozycje genetyczne i wspieraj swoj\u0105 odporno\u015b\u0107.<\/p>\n","protected":false},"featured_media":1376342,"template":"","meta":{"_acf_changed":false,"content-type":"","inline_featured_image":false},"product_brand":[],"product_cat":[99],"product_tag":[],"class_list":{"0":"post-1376343","1":"product","2":"type-product","3":"status-publish","4":"has-post-thumbnail","6":"product_cat-digital-content","8":"first","9":"instock","10":"virtual","11":"taxable","12":"purchasable","13":"product-type-simple"},"acf":[],"_links":{"self":[{"href":"https:\/\/dev.dnaera.com\/pl\/wp-json\/wp\/v2\/product\/1376343","targetHints":{"allow":["GET"]}}],"collection":[{"href":"https:\/\/dev.dnaera.com\/pl\/wp-json\/wp\/v2\/product"}],"about":[{"href":"https:\/\/dev.dnaera.com\/pl\/wp-json\/wp\/v2\/types\/product"}],"version-history":[{"count":2,"href":"https:\/\/dev.dnaera.com\/pl\/wp-json\/wp\/v2\/product\/1376343\/revisions"}],"predecessor-version":[{"id":1376536,"href":"https:\/\/dev.dnaera.com\/pl\/wp-json\/wp\/v2\/product\/1376343\/revisions\/1376536"}],"wp:featuredmedia":[{"embeddable":true,"href":"https:\/\/dev.dnaera.com\/pl\/wp-json\/wp\/v2\/media\/1376342"}],"wp:attachment":[{"href":"https:\/\/dev.dnaera.com\/pl\/wp-json\/wp\/v2\/media?parent=1376343"}],"wp:term":[{"taxonomy":"product_brand","embeddable":true,"href":"https:\/\/dev.dnaera.com\/pl\/wp-json\/wp\/v2\/product_brand?post=1376343"},{"taxonomy":"product_cat","embeddable":true,"href":"https:\/\/dev.dnaera.com\/pl\/wp-json\/wp\/v2\/product_cat?post=1376343"},{"taxonomy":"product_tag","embeddable":true,"href":"https:\/\/dev.dnaera.com\/pl\/wp-json\/wp\/v2\/product_tag?post=1376343"}],"curies":[{"name":"wp","href":"https:\/\/api.w.org\/{rel}","templated":true}]}}