{"id":1375623,"date":"2024-02-20T09:42:37","date_gmt":"2024-02-20T08:42:37","guid":{"rendered":"https:\/\/dev.dnaera.com\/cs\/produkt\/personality\/"},"modified":"2024-03-18T14:46:43","modified_gmt":"2024-03-18T13:46:43","slug":"personality","status":"publish","type":"product","link":"https:\/\/dev.dnaera.com\/cs\/produkt\/personality\/","title":{"rendered":"Osobnostn\u00ed rysy"},"content":{"rendered":"<div>\n<div>Osobnostn\u00ed vlastnosti n\u00e1s formuj\u00ed a ovliv\u0148uj\u00ed na\u0161e my\u0161lenky, pocity a chov\u00e1n\u00ed. V t\u00e9to sekci zjist\u011bte, jak va\u0161e geny mohou ovlivnit va\u0161i toleranci k stresu, \u00farove\u0148 neuroticismu a r\u016fzn\u00e9 pocity, jako je obava, pocit viny, nap\u011bt\u00ed, zranitelnost, frustrace, ne\u0161t\u011bst\u00ed, nervozita a podr\u00e1\u017ed\u011bnost.<\/div>\n<div><\/div>\n<div>Tyto vlastnosti mohou m\u00edt v\u00fdznamn\u00fd vliv na v\u00e1\u0161 ka\u017edodenn\u00ed \u017eivot a pohodu. Porozum\u011bn\u00ed sv\u00fdm genetick\u00fdm predispozic\u00edm v\u00e1m m\u016f\u017ee pomoci identifikovat, jak reagujete na r\u016fzn\u00e9 situace a jak se m\u016f\u017eete l\u00e9pe vyrovnat se stresem a nepohodou.<\/div>\n<\/div>\n","protected":false},"excerpt":{"rendered":"<p>Va\u0161e osobnost je jedine\u010dn\u00e1, ovlivn\u011bn\u00e1 kombinac\u00ed genetick\u00fdch a environment\u00e1ln\u00edch faktor\u016f. Objevte informace o sv\u00fdch genetick\u00fdch predispozic\u00edch a z\u00edsk\u00e1te hlub\u0161\u00ed porozum\u011bn\u00ed sv\u00fdm jedine\u010dn\u00fdm vlastnostem.<\/p>\n","protected":false},"featured_media":1375622,"template":"","meta":{"_acf_changed":false,"content-type":"","inline_featured_image":false},"product_brand":[],"product_cat":[99],"product_tag":[],"class_list":{"0":"post-1375623","1":"product","2":"type-product","3":"status-publish","4":"has-post-thumbnail","6":"product_cat-digital-content","8":"first","9":"instock","10":"virtual","11":"taxable","12":"purchasable","13":"product-type-simple"},"acf":[],"_links":{"self":[{"href":"https:\/\/dev.dnaera.com\/cs\/wp-json\/wp\/v2\/product\/1375623","targetHints":{"allow":["GET"]}}],"collection":[{"href":"https:\/\/dev.dnaera.com\/cs\/wp-json\/wp\/v2\/product"}],"about":[{"href":"https:\/\/dev.dnaera.com\/cs\/wp-json\/wp\/v2\/types\/product"}],"version-history":[{"count":2,"href":"https:\/\/dev.dnaera.com\/cs\/wp-json\/wp\/v2\/product\/1375623\/revisions"}],"predecessor-version":[{"id":1375831,"href":"https:\/\/dev.dnaera.com\/cs\/wp-json\/wp\/v2\/product\/1375623\/revisions\/1375831"}],"wp:featuredmedia":[{"embeddable":true,"href":"https:\/\/dev.dnaera.com\/cs\/wp-json\/wp\/v2\/media\/1375622"}],"wp:attachment":[{"href":"https:\/\/dev.dnaera.com\/cs\/wp-json\/wp\/v2\/media?parent=1375623"}],"wp:term":[{"taxonomy":"product_brand","embeddable":true,"href":"https:\/\/dev.dnaera.com\/cs\/wp-json\/wp\/v2\/product_brand?post=1375623"},{"taxonomy":"product_cat","embeddable":true,"href":"https:\/\/dev.dnaera.com\/cs\/wp-json\/wp\/v2\/product_cat?post=1375623"},{"taxonomy":"product_tag","embeddable":true,"href":"https:\/\/dev.dnaera.com\/cs\/wp-json\/wp\/v2\/product_tag?post=1375623"}],"curies":[{"name":"wp","href":"https:\/\/api.w.org\/{rel}","templated":true}]}}