{"id":1375617,"date":"2024-02-20T09:42:31","date_gmt":"2024-02-20T08:42:31","guid":{"rendered":"https:\/\/dev.dnaera.com\/cs\/produkt\/beauty\/"},"modified":"2024-03-18T14:36:31","modified_gmt":"2024-03-18T13:36:31","slug":"beauty","status":"publish","type":"product","link":"https:\/\/dev.dnaera.com\/cs\/produkt\/beauty\/","title":{"rendered":"Vzhled a zdrav\u00ed"},"content":{"rendered":"<div>\n<div>Poznejte podstatn\u00e9 spojitosti mezi genetikou a aspekty kr\u00e1sy, kter\u00e9 mohou odhalit d\u016fle\u017eit\u00e9 informace o va\u0161ich jedine\u010dn\u00fdch vlastnostech. Va\u0161e DNA v sob\u011b nese kritick\u00e9 informace ovliv\u0148uj\u00edc\u00ed v\u0161e, od zdrav\u00ed c\u00e9v po kvalitu poko\u017eky, vlas\u016f a vitality zub\u016f.<\/div>\n<div><\/div>\n<div>Z\u00edskejte p\u0159ehled o predispozic\u00edch, jako jsou k\u0159e\u010dov\u00e9 \u017e\u00edly, akn\u00e9, atopick\u00e1 dermatitida, celulitida a vr\u00e1sky, kter\u00e9 mohou m\u00edt vliv na zdrav\u00ed va\u0161\u00ed poko\u017eky. S t\u011bmito hodnotn\u00fdmi poznatky m\u016f\u017eete podniknout informovan\u00e9 kroky pro optimalizaci va\u0161\u00ed osobn\u00ed p\u00e9\u010de o zdrav\u00ed a kr\u00e1su.<\/div>\n<\/div>\n","protected":false},"excerpt":{"rendered":"<p>Alopecie, pigmentov\u00e9 skvrny \u010di atopick\u00e1 dermatitida. Genetika m\u00e1 z\u00e1sadn\u00ed vliv tak\u00e9 na n\u00e1\u0161 vzhled a kr\u00e1su.<\/p>\n","protected":false},"featured_media":1375616,"template":"","meta":{"_acf_changed":false,"content-type":"","inline_featured_image":false},"product_brand":[],"product_cat":[99],"product_tag":[],"class_list":{"0":"post-1375617","1":"product","2":"type-product","3":"status-publish","4":"has-post-thumbnail","6":"product_cat-digital-content","8":"first","9":"instock","10":"virtual","11":"taxable","12":"purchasable","13":"product-type-simple"},"acf":[],"_links":{"self":[{"href":"https:\/\/dev.dnaera.com\/cs\/wp-json\/wp\/v2\/product\/1375617","targetHints":{"allow":["GET"]}}],"collection":[{"href":"https:\/\/dev.dnaera.com\/cs\/wp-json\/wp\/v2\/product"}],"about":[{"href":"https:\/\/dev.dnaera.com\/cs\/wp-json\/wp\/v2\/types\/product"}],"version-history":[{"count":1,"href":"https:\/\/dev.dnaera.com\/cs\/wp-json\/wp\/v2\/product\/1375617\/revisions"}],"predecessor-version":[{"id":1375828,"href":"https:\/\/dev.dnaera.com\/cs\/wp-json\/wp\/v2\/product\/1375617\/revisions\/1375828"}],"wp:featuredmedia":[{"embeddable":true,"href":"https:\/\/dev.dnaera.com\/cs\/wp-json\/wp\/v2\/media\/1375616"}],"wp:attachment":[{"href":"https:\/\/dev.dnaera.com\/cs\/wp-json\/wp\/v2\/media?parent=1375617"}],"wp:term":[{"taxonomy":"product_brand","embeddable":true,"href":"https:\/\/dev.dnaera.com\/cs\/wp-json\/wp\/v2\/product_brand?post=1375617"},{"taxonomy":"product_cat","embeddable":true,"href":"https:\/\/dev.dnaera.com\/cs\/wp-json\/wp\/v2\/product_cat?post=1375617"},{"taxonomy":"product_tag","embeddable":true,"href":"https:\/\/dev.dnaera.com\/cs\/wp-json\/wp\/v2\/product_tag?post=1375617"}],"curies":[{"name":"wp","href":"https:\/\/api.w.org\/{rel}","templated":true}]}}