{"id":1375615,"date":"2024-02-20T09:42:28","date_gmt":"2024-02-20T08:42:28","guid":{"rendered":"https:\/\/dev.dnaera.com\/cs\/produkt\/nutrition-and-health\/"},"modified":"2024-03-18T14:33:58","modified_gmt":"2024-03-18T13:33:58","slug":"nutrition-and-health","status":"publish","type":"product","link":"https:\/\/dev.dnaera.com\/cs\/produkt\/nutrition-and-health\/","title":{"rendered":"V\u00fd\u017eiva a zdrav\u00ed"},"content":{"rendered":"<div>\n<div>Spr\u00e1vn\u00e1 strava a v\u00fd\u017eiva jsou ned\u00edlnou sou\u010d\u00e1st\u00ed zdrav\u00e9ho r\u016fstu a v\u00fdvoje ka\u017ed\u00e9ho z n\u00e1s. Vyv\u00e1\u017een\u00e1 a rozmanit\u00e1 strava hraje kl\u00ed\u010dovou roli v chodu na\u0161eho t\u011bla, pom\u00e1h\u00e1 p\u0159edch\u00e1zet mnoha chorob\u00e1m a p\u0159isp\u00edv\u00e1 k lep\u0161\u00edmu a del\u0161\u00edmu \u017eivotu.<\/div>\n<div><\/div>\n<div>V t\u00e9to \u010d\u00e1sti naleznete informace t\u00fdkaj\u00edc\u00ed se v\u00fd\u017eivy, kter\u00e9 mohou m\u00edt r\u016fzn\u00fd dopad na va\u0161e zdrav\u00ed. Na\u0161e v\u00fd\u017eivov\u00e9 reporty tak\u00e9 zahrnuj\u00ed \u0161irokou paletu doporu\u010den\u00ed od na\u0161ich expert\u016f na v\u00fd\u017eivu, kter\u00e1 v\u00e1m mohou pomoci p\u0159i tvorb\u011b va\u0161eho j\u00eddeln\u00ed\u010dku.<\/div>\n<\/div>\n","protected":false},"excerpt":{"rendered":"<p>Nefunguj\u00ed v\u00e1m v\u0161eobecn\u00e9 rady a diety? Poznejte sv\u00e9 geny v oblasti v\u00fd\u017eivy a zadejte spr\u00e1vn\u00fd sm\u011br k vysn\u011bn\u00e9 postav\u011b a zdrav\u00e9mu \u017eivotn\u00edmu stylu.<\/p>\n","protected":false},"featured_media":1375614,"template":"","meta":{"_acf_changed":false,"content-type":"","inline_featured_image":false},"product_brand":[],"product_cat":[99],"product_tag":[],"class_list":{"0":"post-1375615","1":"product","2":"type-product","3":"status-publish","4":"has-post-thumbnail","6":"product_cat-digital-content","8":"first","9":"instock","10":"virtual","11":"taxable","12":"purchasable","13":"product-type-simple"},"acf":[],"_links":{"self":[{"href":"https:\/\/dev.dnaera.com\/cs\/wp-json\/wp\/v2\/product\/1375615","targetHints":{"allow":["GET"]}}],"collection":[{"href":"https:\/\/dev.dnaera.com\/cs\/wp-json\/wp\/v2\/product"}],"about":[{"href":"https:\/\/dev.dnaera.com\/cs\/wp-json\/wp\/v2\/types\/product"}],"version-history":[{"count":1,"href":"https:\/\/dev.dnaera.com\/cs\/wp-json\/wp\/v2\/product\/1375615\/revisions"}],"predecessor-version":[{"id":1375827,"href":"https:\/\/dev.dnaera.com\/cs\/wp-json\/wp\/v2\/product\/1375615\/revisions\/1375827"}],"wp:featuredmedia":[{"embeddable":true,"href":"https:\/\/dev.dnaera.com\/cs\/wp-json\/wp\/v2\/media\/1375614"}],"wp:attachment":[{"href":"https:\/\/dev.dnaera.com\/cs\/wp-json\/wp\/v2\/media?parent=1375615"}],"wp:term":[{"taxonomy":"product_brand","embeddable":true,"href":"https:\/\/dev.dnaera.com\/cs\/wp-json\/wp\/v2\/product_brand?post=1375615"},{"taxonomy":"product_cat","embeddable":true,"href":"https:\/\/dev.dnaera.com\/cs\/wp-json\/wp\/v2\/product_cat?post=1375615"},{"taxonomy":"product_tag","embeddable":true,"href":"https:\/\/dev.dnaera.com\/cs\/wp-json\/wp\/v2\/product_tag?post=1375615"}],"curies":[{"name":"wp","href":"https:\/\/api.w.org\/{rel}","templated":true}]}}